{"id":87,"date":"2011-11-21T22:23:26","date_gmt":"2011-11-21T22:23:26","guid":{"rendered":"http:\/\/www.podstrana.hr\/portal\/?page_id=87"},"modified":"2017-06-07T15:35:12","modified_gmt":"2017-06-07T13:35:12","slug":"zupni-uredi","status":"publish","type":"page","link":"https:\/\/www.podstrana.hr\/wp\/servisne-informacije\/zupni-uredi\/","title":{"rendered":"\u017dupni uredi"},"content":{"rendered":"<h4>\u017dupni ured Gospe u Siti<\/h4>\n<p>Adresa: Pa\u0161tri\u0107eva 8, Stro\u017eanac, 21312 Podstrana<\/p>\n<p>Telefon: 021 333 500<br \/>\nWeb: <a href=\"http:\/\/www.zupagospeusiti.hr\/\" target=\"_blank\" rel=\"noopener noreferrer\">http:\/\/www.zupagospeusiti.hr\/<\/a><\/p>\n<p>\u017dupnik: don Ante Vrankovi\u0107<\/p>\n<div class=\"clear\"><\/div><div style=\"margin-top:20px; margin-bottom:20px;\" class=\"divider divider-solid\"><\/div>\n<h4>\u017dupni ured Gospe od Zdravlja<\/h4>\n<p>Adresa: Cesta Sv. Martina 73, Sv. Martin, 21312 Podstrana<\/p>\n<p>Telefon: 021 330 262<\/p>\n<p>\u017dupnik: don Ivica Bari\u0161i\u0107<\/p>\n<p>&nbsp;<\/p>\n","protected":false},"excerpt":{"rendered":"<p>\u017dupni ured Gospe u Siti Adresa: Pa\u0161tri\u0107eva 8, Stro\u017eanac, 21312 Podstrana Telefon: 021 333 500 Web: http:\/\/www.zupagospeusiti.hr\/ \u017dupnik: don Ante Vrankovi\u0107 \u017dupni ured Gospe od Zdravlja Adresa: Cesta Sv. Martina 73, Sv. Martin, 21312 Podstrana Telefon: 021 330 262 \u017dupnik: don Ivica Bari\u0161i\u0107 &nbsp;<\/p>\n","protected":false},"author":1,"featured_media":0,"parent":85,"menu_order":1,"comment_status":"closed","ping_status":"closed","template":"","meta":{"footnotes":""},"_links":{"self":[{"href":"https:\/\/www.podstrana.hr\/wp\/wp-json\/wp\/v2\/pages\/87"}],"collection":[{"href":"https:\/\/www.podstrana.hr\/wp\/wp-json\/wp\/v2\/pages"}],"about":[{"href":"https:\/\/www.podstrana.hr\/wp\/wp-json\/wp\/v2\/types\/page"}],"author":[{"embeddable":true,"href":"https:\/\/www.podstrana.hr\/wp\/wp-json\/wp\/v2\/users\/1"}],"replies":[{"embeddable":true,"href":"https:\/\/www.podstrana.hr\/wp\/wp-json\/wp\/v2\/comments?post=87"}],"version-history":[{"count":2,"href":"https:\/\/www.podstrana.hr\/wp\/wp-json\/wp\/v2\/pages\/87\/revisions"}],"predecessor-version":[{"id":4688,"href":"https:\/\/www.podstrana.hr\/wp\/wp-json\/wp\/v2\/pages\/87\/revisions\/4688"}],"up":[{"embeddable":true,"href":"https:\/\/www.podstrana.hr\/wp\/wp-json\/wp\/v2\/pages\/85"}],"wp:attachment":[{"href":"https:\/\/www.podstrana.hr\/wp\/wp-json\/wp\/v2\/media?parent=87"}],"curies":[{"name":"wp","href":"https:\/\/api.w.org\/{rel}","templated":true}]}}