{"id":81,"date":"2011-11-21T22:21:05","date_gmt":"2011-11-21T21:21:05","guid":{"rendered":"http:\/\/www.podstrana.hr\/portal\/?page_id=81"},"modified":"2021-08-31T23:56:53","modified_gmt":"2021-08-31T21:56:53","slug":"upu-zona-u-zelenilu-i-zona-sportskih-igralista-6","status":"publish","type":"page","link":"https:\/\/www.podstrana.hr\/wp\/prostorno-planiranje\/urbanisticki-planovi-uredenja\/upu-zona-u-zelenilu-i-zona-sportskih-igralista-6\/","title":{"rendered":"UPU Zona u zelenilu i zona sportskih igrali\u0161ta (6)"},"content":{"rendered":"<p><strong>Od \u010dega se sastoji Urbanisti\u010dki plan ure\u0111enja?<\/strong><\/p>\n<h4>Urbanisti\u010dki plan ure\u0111enja &#8220;Zona u zelenilu i zona sportskih igrali\u0161ta (6)&#8221; sastoji se od:<\/h4>\n<ol>\n<li>Tekstualnog dijela pod nazivom:<br \/>\n<strong><a href=\"..\/..\/UPU-VI\/UPU-VI-Tekstualne_Odredbe_UPU_6.pdf\" target=\"_blank\" rel=\"noopener noreferrer\">Urbanisti\u010dki plan ure\u0111enja VI &#8220;Zona u zelenilu i zona sportskih igrali\u0161ta (6)&#8221; (.pdf)<\/a><\/strong> <img loading=\"lazy\" decoding=\"async\" src=\"..\/..\/images\/file_acrobat.gif\" alt=\"Adobe Acrobat\" width=\"16\" height=\"16\" align=\"absbottom\" \/><\/li>\n<li>Grafi\u010dkog dijela koji \u010dine slijede\u0107i kartografski prikazi:<a href=\"http:\/\/www.dalmacija.com\/podstrana\/UPU_Lav_Mutogras\/1.Namjena.pdf\" target=\"_blank\" rel=\"noopener noreferrer\"><strong><br \/>\n<\/strong><\/a><strong> 1. <a href=\"..\/..\/UPU-VI\/UPU-VI-01_Namjena.pdf\" target=\"_blank\" rel=\"noopener noreferrer\">Kori\u0161tenje i namjena povr\u0161ina<\/a><\/strong> <a href=\"..\/..\/UPU-IV\/UPU-IV-1.Koristenje_i_namjena_povrsina_1.pdf\" target=\"_blank\" rel=\"noopener noreferrer\"><strong><img loading=\"lazy\" decoding=\"async\" src=\"..\/..\/file_acrobat.gif\" alt=\"pdf\" width=\"16\" height=\"16\" align=\"top\" border=\"0\" \/><\/strong><\/a><br \/>\n<strong>2. Prometna, uli\u010dna i komunalna infrastrukturna mre\u017ea <\/strong><\/p>\n<ul>\n<li><strong><a href=\"..\/..\/UPU-VI\/UPU-VI-02a_Promet.pdf\" target=\"_blank\" rel=\"noopener noreferrer\">2.1 Prometna i uli\u010dna mre\u017ea<\/a> <img loading=\"lazy\" decoding=\"async\" src=\"..\/..\/file_acrobat.gif\" alt=\"pdf\" width=\"16\" height=\"16\" align=\"top\" border=\"0\" \/><br \/>\n<\/strong><\/li>\n<li><strong><a href=\"..\/..\/UPU-VI\/UPU-VI-02b_Vodoopskrba.pdf\" target=\"_blank\" rel=\"noopener noreferrer\">2.2 Vodoopskrbni sustav<\/a> <img loading=\"lazy\" decoding=\"async\" src=\"..\/..\/file_acrobat.gif\" alt=\"pdf\" width=\"16\" height=\"16\" align=\"top\" border=\"0\" \/><br \/>\n<\/strong><\/li>\n<li><strong><a href=\"..\/..\/UPU-VI\/UPU-VI-02c_Odvodnja.pdf\" target=\"_blank\" rel=\"noopener noreferrer\">2.3 Odvodnja otpadnih i oborinskih voda<\/a> <\/strong><strong><img loading=\"lazy\" decoding=\"async\" src=\"..\/..\/file_acrobat.gif\" alt=\"pdf\" width=\"16\" height=\"16\" align=\"top\" border=\"0\" \/><\/strong><\/li>\n<li><strong><a href=\"..\/..\/UPU-VI\/UPU-VI-02d_Energetski_DTK.pdf\" target=\"_blank\" rel=\"noopener noreferrer\">2.d Energetski sustav i DTK<\/a> <\/strong><strong><img loading=\"lazy\" decoding=\"async\" src=\"..\/..\/file_acrobat.gif\" alt=\"pdf\" width=\"16\" height=\"16\" align=\"top\" border=\"0\" \/><\/strong><\/li>\n<\/ul>\n<p><strong>3. <a href=\"..\/..\/UPU-VI\/UPU-VI-03_Uvjeti_zastite.pdf\" target=\"_blank\" rel=\"noopener noreferrer\">Uvjeti kori\u0161tenja, uredenja i za\u0161tite povr\u0161ina<\/a> <img loading=\"lazy\" decoding=\"async\" src=\"..\/..\/file_acrobat.gif\" alt=\"pdf\" width=\"16\" height=\"16\" align=\"top\" border=\"0\" \/><\/strong><br \/>\n<strong>4. <a href=\"..\/..\/UPU-VI\/UPU-VI-04_Uvjeti_gradnje.pdf\" target=\"_blank\" rel=\"noopener noreferrer\">Na\u010din i uvjeti gradnje<\/a> <\/strong><strong><img loading=\"lazy\" decoding=\"async\" src=\"..\/..\/file_acrobat.gif\" alt=\"pdf\" width=\"16\" height=\"16\" align=\"top\" border=\"0\" \/><\/strong><\/li>\n<\/ol>\n","protected":false},"excerpt":{"rendered":"<p>Od \u010dega se sastoji Urbanisti\u010dki plan ure\u0111enja? Urbanisti\u010dki plan ure\u0111enja &#8220;Zona u zelenilu i zona sportskih igrali\u0161ta (6)&#8221; sastoji se od: Tekstualnog dijela pod nazivom: Urbanisti\u010dki plan ure\u0111enja VI &#8220;Zona u zelenilu i zona sportskih igrali\u0161ta (6)&#8221; (.pdf) Grafi\u010dkog dijela koji \u010dine slijede\u0107i kartografski prikazi: 1. Kori\u0161tenje i namjena povr\u0161ina 2. Prometna, uli\u010dna i komunalna &hellip;<\/p>\n","protected":false},"author":1,"featured_media":0,"parent":8688,"menu_order":9,"comment_status":"closed","ping_status":"closed","template":"","meta":{"footnotes":""},"_links":{"self":[{"href":"https:\/\/www.podstrana.hr\/wp\/wp-json\/wp\/v2\/pages\/81"}],"collection":[{"href":"https:\/\/www.podstrana.hr\/wp\/wp-json\/wp\/v2\/pages"}],"about":[{"href":"https:\/\/www.podstrana.hr\/wp\/wp-json\/wp\/v2\/types\/page"}],"author":[{"embeddable":true,"href":"https:\/\/www.podstrana.hr\/wp\/wp-json\/wp\/v2\/users\/1"}],"replies":[{"embeddable":true,"href":"https:\/\/www.podstrana.hr\/wp\/wp-json\/wp\/v2\/comments?post=81"}],"version-history":[{"count":1,"href":"https:\/\/www.podstrana.hr\/wp\/wp-json\/wp\/v2\/pages\/81\/revisions"}],"predecessor-version":[{"id":4685,"href":"https:\/\/www.podstrana.hr\/wp\/wp-json\/wp\/v2\/pages\/81\/revisions\/4685"}],"up":[{"embeddable":true,"href":"https:\/\/www.podstrana.hr\/wp\/wp-json\/wp\/v2\/pages\/8688"}],"wp:attachment":[{"href":"https:\/\/www.podstrana.hr\/wp\/wp-json\/wp\/v2\/media?parent=81"}],"curies":[{"name":"wp","href":"https:\/\/api.w.org\/{rel}","templated":true}]}}