{"id":71,"date":"2011-11-21T22:15:54","date_gmt":"2011-11-21T21:15:54","guid":{"rendered":"http:\/\/www.podstrana.hr\/portal\/?page_id=71"},"modified":"2021-08-31T23:58:03","modified_gmt":"2021-08-31T21:58:03","slug":"upu-usce-zrnovnice","status":"publish","type":"page","link":"https:\/\/www.podstrana.hr\/wp\/prostorno-planiranje\/urbanisticki-planovi-uredenja\/upu-usce-zrnovnice\/","title":{"rendered":"UPU u\u0161\u0107e \u017drnovnice &#8211; Lav (3)"},"content":{"rendered":"<h4>Izmjene i dopune urbanisti\u010dkog plana ure\u0111enja obalnog podru\u010dja od u\u0161\u0107a rijeke \u017drnovnice do HC &#8220;Lav&#8221;<\/h4>\n<p>Na temelju \u010dlanka 109. stavka 6., \u010dlanka 113. stavka 1. i \u010dlanka 198. stavka 3. Zakona o prostornom ure\u0111enju (Narodne novine broj 153\/13, 65\/17, 114\/18, 39\/19 i 98\/19), te \u010dlanka 30. Statuta Op\u0107ine Podstrana (Slu\u017ebeni Glasnik Op\u0107ine Podstrana broj 2\/18) Op\u0107insko vije\u0107e Op\u0107ine Podstrana, na 39. sjednici odr\u017eanoj 3. o\u017eujka 2021. godine, donosi<\/p>\n<p><strong><a href=\"http:\/\/www.podstrana.hr\/wp\/wp-content\/uploads\/2021\/06\/Odluka-o-donosenju-izmjena-i-dopuna-Urbanistickog-plana-uredjenja-obalnog-pojasa-od-usca-rijeke-Zrnovnice-do-HC-Lav.pdf\">Odluku o dono\u0161enju izmjena i dopuna urbanisti\u010dkog plana ure\u0111enja obalnog pojasa od u\u0161\u0107a rijeke \u017drnovnice do HC &#8220;Lav&#8221;<\/a> <img loading=\"lazy\" decoding=\"async\" class=\"alignnone\" src=\"..\/..\/file_acrobat.gif\" alt=\"pdf\" width=\"16\" height=\"16\" align=\"top\" border=\"0\" \/><\/strong><\/p>\n<p><strong>Tekstualni dio &#8211; odredbe za provo\u0111enje<\/strong><\/p>\n<p><strong>Grafi\u010dki dio<\/strong><\/p>\n<p><a href=\"http:\/\/www.podstrana.hr\/wp\/wp-content\/uploads\/2021\/06\/0.0.-Obuhvat-Izmjena-i-dopuna.pdf\"><strong>0. Obuhvat Izmjena i dopuna<\/strong><\/a> <strong><img loading=\"lazy\" decoding=\"async\" class=\"alignnone\" src=\"..\/..\/file_acrobat.gif\" alt=\"pdf\" width=\"16\" height=\"16\" align=\"top\" border=\"0\" \/><br \/>\n<a href=\"http:\/\/www.podstrana.hr\/wp\/wp-content\/uploads\/2021\/06\/1.0.-Namjena.pdf\">1. Kori\u0161tenje i namjena povr\u0161ina<\/a>\u00a0<\/strong> <strong><img loading=\"lazy\" decoding=\"async\" class=\"alignnone\" src=\"..\/..\/file_acrobat.gif\" alt=\"pdf\" width=\"16\" height=\"16\" align=\"top\" border=\"0\" \/><\/strong><br \/>\n<a href=\"http:\/\/www.podstrana.hr\/wp\/wp-content\/uploads\/2021\/06\/2.1.-Promet.pdf\"><strong>2.1 Prometna mre\u017ea <\/strong><\/a> <strong><img loading=\"lazy\" decoding=\"async\" class=\"alignnone\" src=\"..\/..\/file_acrobat.gif\" alt=\"pdf\" width=\"16\" height=\"16\" align=\"top\" border=\"0\" \/><\/strong><br \/>\n<a href=\"http:\/\/www.podstrana.hr\/wp\/wp-content\/uploads\/2021\/06\/2.2.-Javna-rasvjeta-i-elektroenergetika.pdf\"><strong>2.2 Javna rasvjeta i elektroenergetika<\/strong><\/a> <strong><img loading=\"lazy\" decoding=\"async\" class=\"alignnone\" src=\"..\/..\/file_acrobat.gif\" alt=\"pdf\" width=\"16\" height=\"16\" align=\"top\" border=\"0\" \/><\/strong><br \/>\n<a href=\"http:\/\/www.podstrana.hr\/wp\/wp-content\/uploads\/2021\/06\/2.3.-Telekomunikacijska-mrez\u030ca.pdf\"><strong>2.3. Telekomunikacijska mrez\u030ca<\/strong><\/a> <strong><img loading=\"lazy\" decoding=\"async\" class=\"alignnone\" src=\"..\/..\/file_acrobat.gif\" alt=\"pdf\" width=\"16\" height=\"16\" align=\"top\" border=\"0\" \/><br \/>\n<\/strong><a href=\"http:\/\/www.podstrana.hr\/wp\/wp-content\/uploads\/2021\/06\/2.4.-Vodovodna-mrez\u030ca.pdf\"><strong>2.4. Vodovodna mrez\u030ca<\/strong>\u00a0<\/a><strong><img loading=\"lazy\" decoding=\"async\" class=\"alignnone\" src=\"..\/..\/file_acrobat.gif\" alt=\"pdf\" width=\"16\" height=\"16\" align=\"top\" border=\"0\" \/><\/strong><br \/>\n<a href=\"http:\/\/www.podstrana.hr\/wp\/wp-content\/uploads\/2021\/06\/2.5.-Kanalizacijska-mrez\u030ca.pdf\"><strong>2.5. Kanalizacijska mrez\u030ca<\/strong><\/a> <strong><img loading=\"lazy\" decoding=\"async\" class=\"alignnone\" src=\"..\/..\/file_acrobat.gif\" alt=\"pdf\" width=\"16\" height=\"16\" align=\"top\" border=\"0\" \/><\/strong><br \/>\n<strong><a href=\"http:\/\/www.podstrana.hr\/wp\/wp-content\/uploads\/2021\/06\/3.0.-Uvjeti-koris\u030ctenja.pdf\">3. Uvjeti kori\u0161tenja <\/a><img loading=\"lazy\" decoding=\"async\" class=\"alignnone\" src=\"..\/..\/file_acrobat.gif\" alt=\"pdf\" width=\"16\" height=\"16\" align=\"top\" border=\"0\" \/><\/strong><br \/>\n<strong><a href=\"http:\/\/www.podstrana.hr\/wp\/wp-content\/uploads\/2021\/06\/4.0.-Uvjeti-gradnje.pdf\">4. Uvjeti gradnje<\/a><\/strong>\u00a0<strong><img loading=\"lazy\" decoding=\"async\" class=\"alignnone\" src=\"..\/..\/file_acrobat.gif\" alt=\"pdf\" width=\"16\" height=\"16\" align=\"top\" border=\"0\" \/><\/strong><\/p>\n<div class=\"clear\"><\/div><div style=\"margin-top:20px; margin-bottom:20px;\" class=\"divider divider-dotted\"><\/div>\n<h4>Urbanisti\u010dki plan ure\u0111enja obalni dio pojasa od u\u0161\u0107a Rijeke \u017drnovnice do HC<\/h4>\n<p>Predmetni obuhvat UPU-a uredenja obalnog dijela pojasa od u\u0161\u0107a rijeke \u017drnovnice do HC \u201eLav\u201c nalazi se u Op\u0107ini Podstrana. Opcina Podstrana prostire se na povr\u0161ini od 7908 ha, a predmetni obuhvat je longitudinalno polo\u017een duljine cca 1,34 km.<\/p>\n<p>Prema provedenoj analizi stanja u prostoru Opcine Podstrana, te procijenjenih realnih potreba za uredenjem prostora, utvrdeni su prioriteti u izradi dokumenata prostornog uredenja. Medu planskom dokumentacijom donosi se i odluka o izradi Urbanistickog plana uredenja obalnog dijela pojasa od u\u0161ca \u017drnovnice do HC \u201eLav\u201c. Predmetni obuhvat UPU-a je planiran planom vi\u0161eg reda Prostornim Planom uredenja Opcine Podstrana.<\/p>\n<p><strong>Od \u010dega se sastoji Urbanisti\u010dki plan ure\u0111enja?<\/strong><\/p>\n<p>Urbanisti\u010dki plan ure\u0111enja podru\u010dja obalnog dijela pojasa od u\u0161\u0107a Rijeke \u017drnovnice do HC &#8220;Lav&#8221; sastoji se od:<\/p>\n<ol>\n<li>Tekstualnog dijela pod nazivom:<br \/>\n<a href=\"..\/..\/UPU_Lav_UsceZrnovnice\/UPU_Zrnovnica_Lav.pdf\" target=\"_blank\" rel=\"noopener noreferrer\"><strong>Urbanisti\u010dki plan ure\u0111enja podru\u010dja obalnog dijela pojasa od u\u0161\u0107a Rijeke \u017drnovnice do HC &#8220;Lav&#8221; (.pdf)<\/strong><\/a><img loading=\"lazy\" decoding=\"async\" src=\"..\/..\/images\/file_acrobat.gif\" alt=\"Adobe Acrobat\" width=\"16\" height=\"16\" align=\"absbottom\" \/><\/li>\n<li>Grafi\u010dkog dijela koji \u010dine slijede\u0107i kartografski prikazi:<br \/>\n<a href=\"..\/..\/UPU_Lav_UsceZrnovnice\/1.0-Koristenje_I_Namjena_Povrsina.pdf\" target=\"_blank\" rel=\"noopener noreferrer\"><strong>1. Kori\u0161tenje i namjena povr\u0161ina<\/strong><\/a><strong><img loading=\"lazy\" decoding=\"async\" src=\"..\/..\/file_acrobat.gif\" alt=\"pdf\" width=\"16\" height=\"16\" align=\"top\" border=\"0\" \/><\/strong><\/p>\n<ul>\n<li><strong><a href=\"..\/..\/UPU_Lav_UsceZrnovnice\/2.1-Prometna_Mreza.pdf\" target=\"_blank\" rel=\"noopener noreferrer\">2.1 Prometna, uli\u010dna i komunalna infrastrukturna mre\u017ea<\/a><img loading=\"lazy\" decoding=\"async\" src=\"..\/..\/file_acrobat.gif\" alt=\"pdf\" width=\"16\" height=\"16\" align=\"top\" border=\"0\" \/><\/strong>\n<ul>\n<li><strong><a href=\"..\/..\/UPU_Lav_UsceZrnovnice\/2.2-Javna_Rasvjeta_I_Elektroenergetska_Mreza.pdf\" target=\"_blank\" rel=\"noopener noreferrer\">2.2 Javna rasvjeta i elektroenergetska mre\u017ea <\/a><img loading=\"lazy\" decoding=\"async\" src=\"..\/..\/file_acrobat.gif\" alt=\"pdf\" width=\"16\" height=\"16\" align=\"top\" border=\"0\" \/><\/strong><\/li>\n<li><strong><a href=\"..\/..\/UPU_Lav_UsceZrnovnice\/2.3-Telekomunikacijska_Mreza.pdf\" target=\"_blank\" rel=\"noopener noreferrer\">2.3 Telekomunikacijska mre\u017ea<\/a><img loading=\"lazy\" decoding=\"async\" src=\"..\/..\/file_acrobat.gif\" alt=\"pdf\" width=\"16\" height=\"16\" align=\"top\" border=\"0\" \/><\/strong><\/li>\n<li><strong><a href=\"..\/..\/UPU_Lav_UsceZrnovnice\/2.4-Vodovodna_Mreza.pdf\" target=\"_blank\" rel=\"noopener noreferrer\">2.4 Vodovodna mre\u017ea<\/a><img loading=\"lazy\" decoding=\"async\" src=\"..\/..\/file_acrobat.gif\" alt=\"pdf\" width=\"16\" height=\"16\" align=\"top\" border=\"0\" \/><\/strong><\/li>\n<li><strong><a href=\"..\/..\/UPU_Lav_UsceZrnovnice\/2.5-Kanalizacijska_Mreza.pdf\" target=\"_blank\" rel=\"noopener noreferrer\">2.5 Kanalizacijska mre\u017ea <\/a><img loading=\"lazy\" decoding=\"async\" src=\"..\/..\/file_acrobat.gif\" alt=\"pdf\" width=\"16\" height=\"16\" align=\"top\" border=\"0\" \/><\/strong><\/li>\n<\/ul>\n<\/li>\n<\/ul>\n<p><strong><a href=\"..\/..\/UPU_Lav_UsceZrnovnice\/3.0-Uvjeti_Koristenja_Uredenja_I_Zastite_Povrsina.pdf\" target=\"_blank\" rel=\"noopener noreferrer\">3. Uvjeti kori\u0161tenja, ure\u0111enja i za\u0161tite povr\u0161ina<\/a><img loading=\"lazy\" decoding=\"async\" src=\"..\/..\/file_acrobat.gif\" alt=\"pdf\" width=\"16\" height=\"16\" align=\"top\" border=\"0\" \/><\/strong><br \/>\n<strong><a href=\"..\/..\/UPU_Lav_UsceZrnovnice\/4.0-Nacin_I_Uvjeti_Gradnje.pdf\" target=\"_blank\" rel=\"noopener noreferrer\">4. Na\u010din i uvjeti gradnje<\/a><img loading=\"lazy\" decoding=\"async\" src=\"..\/..\/file_acrobat.gif\" alt=\"pdf\" width=\"16\" height=\"16\" align=\"top\" border=\"0\" \/> <\/strong><br \/>\n<a href=\"..\/..\/UPU_Lav_UsceZrnovnice\/5.0-6.0_Karakteristicni_Poprecni_Presjeci.pdf\" target=\"_blank\" rel=\"noopener noreferrer\"><strong>5.0 i 6.0 Karakteristi\u010dan presjek pla\u017ee i karakteristi\u010dan presjek kroz pero<img loading=\"lazy\" decoding=\"async\" src=\"..\/..\/file_acrobat.gif\" alt=\"pdf\" width=\"16\" height=\"16\" align=\"top\" border=\"0\" \/><\/strong><\/a><\/li>\n<\/ol>\n","protected":false},"excerpt":{"rendered":"<p>Izmjene i dopune urbanisti\u010dkog plana ure\u0111enja obalnog podru\u010dja od u\u0161\u0107a rijeke \u017drnovnice do HC &#8220;Lav&#8221; Na temelju \u010dlanka 109. stavka 6., \u010dlanka 113. stavka 1. i \u010dlanka 198. stavka 3. Zakona o prostornom ure\u0111enju (Narodne novine broj 153\/13, 65\/17, 114\/18, 39\/19 i 98\/19), te \u010dlanka 30. Statuta Op\u0107ine Podstrana (Slu\u017ebeni Glasnik Op\u0107ine Podstrana broj 2\/18) &hellip;<\/p>\n","protected":false},"author":1,"featured_media":0,"parent":8688,"menu_order":13,"comment_status":"closed","ping_status":"closed","template":"","meta":{"footnotes":""},"_links":{"self":[{"href":"https:\/\/www.podstrana.hr\/wp\/wp-json\/wp\/v2\/pages\/71"}],"collection":[{"href":"https:\/\/www.podstrana.hr\/wp\/wp-json\/wp\/v2\/pages"}],"about":[{"href":"https:\/\/www.podstrana.hr\/wp\/wp-json\/wp\/v2\/types\/page"}],"author":[{"embeddable":true,"href":"https:\/\/www.podstrana.hr\/wp\/wp-json\/wp\/v2\/users\/1"}],"replies":[{"embeddable":true,"href":"https:\/\/www.podstrana.hr\/wp\/wp-json\/wp\/v2\/comments?post=71"}],"version-history":[{"count":7,"href":"https:\/\/www.podstrana.hr\/wp\/wp-json\/wp\/v2\/pages\/71\/revisions"}],"predecessor-version":[{"id":8370,"href":"https:\/\/www.podstrana.hr\/wp\/wp-json\/wp\/v2\/pages\/71\/revisions\/8370"}],"up":[{"embeddable":true,"href":"https:\/\/www.podstrana.hr\/wp\/wp-json\/wp\/v2\/pages\/8688"}],"wp:attachment":[{"href":"https:\/\/www.podstrana.hr\/wp\/wp-json\/wp\/v2\/media?parent=71"}],"curies":[{"name":"wp","href":"https:\/\/api.w.org\/{rel}","templated":true}]}}