{"id":2012,"date":"2013-08-07T12:23:37","date_gmt":"2013-08-07T10:23:37","guid":{"rendered":"http:\/\/www.podstrana.hr\/?page_id=2012"},"modified":"2021-09-01T00:02:38","modified_gmt":"2021-08-31T22:02:38","slug":"financiranje-rada-politickih-stranaka-i-nezavisnih-zastupnika","status":"publish","type":"page","link":"https:\/\/www.podstrana.hr\/wp\/dokumenti-2\/financiranje-rada-politickih-stranaka-i-nezavisnih-zastupnika\/","title":{"rendered":"Financiranje rada politi\u010dkih stranaka i nezavisnih zastupnika"},"content":{"rendered":"\n\t<script type=\"text\/javascript\">\tjQuery(document).ready(function($){\tjQuery(\"ul.tabs-nav\").tabs(\"> .pane\"); }); <\/script>\n\n\t\t<div class=\"post-tabs\">\n\t\t<ul class=\"tabs-nav\"><li> 2020. <\/li><li> 2019. <\/li><li> 2018. <\/li><li> 2012.-2013. <\/li><\/ul>\n\n\t\t<div class=\"pane\">\n\t\t\n<table width=\"868\">\n<tbody>\n<tr>\n<td width=\"41\">R. br.<\/td>\n<td width=\"347\">POLITI\u010cKA STRANKA \/ NEZAVISNI VIJE\u0106NIK \/ LISTA GRUPE BIRA\u010cA<\/td>\n<td width=\"240\">UKUPAN IZNOS RASPORE\u0110ENIH SREDSTAVA<\/td>\n<td width=\"240\">UKUPAN IZNOS ISPLA\u0106ENIH SREDSTAVA<\/td>\n<\/tr>\n<tr>\n<td>1<\/td>\n<td>Hrvatska demokratska zajednica &#8211; HDZ<\/td>\n<td>37.934,40<\/td>\n<td>37.934,40<\/td>\n<\/tr>\n<tr>\n<td>2<\/td>\n<td>Hrvatska stranka prava &#8211; HSP<\/td>\n<td>13.999,60<\/td>\n<td>13.999,60<\/td>\n<\/tr>\n<tr>\n<td>3<\/td>\n<td>Hrvatska \u010dista stranka prava &#8211; H\u010cSP<\/td>\n<td>4.516,00<\/td>\n<td>4.516,00<\/td>\n<\/tr>\n<tr>\n<td>4<\/td>\n<td>Socijaldemokratska partija Hrvatske &#8211; SDP<\/td>\n<td>4.516,00<\/td>\n<td>4.516,00<\/td>\n<\/tr>\n<tr>\n<td>5<\/td>\n<td>KANDIDACIJSKA LISTA GRUPE BIRA\u010cA &#8211; Darijo Radovi\u0107<\/td>\n<td rowspan=\"2\">9.032,00<\/td>\n<td>4.516,00<\/td>\n<\/tr>\n<tr>\n<td>6<\/td>\n<td>KANDIDACIJSKA LISTA GRUPE BIRA\u010cA &#8211; Marin Bo\u0161njak<\/td>\n<td>4.516,00<\/td>\n<\/tr>\n<tr>\n<td>\u00a0<\/td>\n<td>UKUPNO:<\/td>\n<td>69.998,00<\/td>\n<td>69.998,00<\/td>\n<\/tr>\n<\/tbody>\n<\/table>\n\n\t\t<\/div>\n\t\n\n\t\t<div class=\"pane\">\n\t\t\n<table width=\"868\">\n<tbody>\n<tr>\n<td width=\"41\">R. br.<\/td>\n<td width=\"347\">POLITI\u010cKA STRANKA \/ NEZAVISNI VIJE\u0106NIK \/ LISTA GRUPE BIRA\u010cA<\/td>\n<td width=\"240\">UKUPAN IZNOS RASPORE\u0110ENIH SREDSTAVA<\/td>\n<td width=\"240\">UKUPAN IZNOS ISPLA\u0106ENIH SREDSTAVA<\/td>\n<\/tr>\n<tr>\n<td>1<\/td>\n<td>Hrvatska demokratska zajednica &#8211; HDZ<\/td>\n<td>37.934,40<\/td>\n<td>37.934,40<\/td>\n<\/tr>\n<tr>\n<td>2<\/td>\n<td>Hrvatska stranka prava &#8211; HSP<\/td>\n<td>13.999,60<\/td>\n<td>13.999,60<\/td>\n<\/tr>\n<tr>\n<td>3<\/td>\n<td>Hrvatska \u010dista stranka prava &#8211; H\u010cSP<\/td>\n<td>4.516,00<\/td>\n<td>4.516,00<\/td>\n<\/tr>\n<tr>\n<td>4<\/td>\n<td>Socijaldemokratska partija Hrvatske &#8211; SDP<\/td>\n<td>4.516,00<\/td>\n<td>4.516,00<\/td>\n<\/tr>\n<tr>\n<td>5<\/td>\n<td>KANDIDACIJSKA LISTA GRUPE BIRA\u010cA &#8211; Darijo Radovi\u0107<\/td>\n<td rowspan=\"2\">9.032,00<\/td>\n<td>4.516,00<\/td>\n<\/tr>\n<tr>\n<td>6<\/td>\n<td>KANDIDACIJSKA LISTA GRUPE BIRA\u010cA &#8211; Marin Bo\u0161njak<\/td>\n<td>4.516,00<\/td>\n<\/tr>\n<tr>\n<td>\u00a0<\/td>\n<td>UKUPNO:<\/td>\n<td>69.998,00<\/td>\n<td>69.998,00<\/td>\n<\/tr>\n<\/tbody>\n<\/table>\n\n\t\t<\/div>\n\t\n\n\t\t<div class=\"pane\">\n\t\t\n<table width=\"868\">\n<tbody>\n<tr>\n<td width=\"41\">R. br.<\/td>\n<td width=\"347\">POLITI\u010cKA STRANKA \/ NEZAVISNI VIJE\u0106NIK \/ LISTA GRUPE BIRA\u010cA<\/td>\n<td width=\"240\">UKUPAN IZNOS RASPORE\u0110ENIH SREDSTAVA<\/td>\n<td width=\"240\">UKUPAN IZNOS ISPLA\u0106ENIH SREDSTAVA<\/td>\n<\/tr>\n<tr>\n<td>1<\/td>\n<td>Hrvatska demokratska zajednica &#8211; HDZ<\/td>\n<td>37.934,40<\/td>\n<td>37.753,18<\/td>\n<\/tr>\n<tr>\n<td>2<\/td>\n<td>Hrvatska stranka prava &#8211; HSP<\/td>\n<td>13.999,60<\/td>\n<td>13.932,70<\/td>\n<\/tr>\n<tr>\n<td>3<\/td>\n<td>Hrvatska \u010dista stranka prava &#8211; H\u010cSP<\/td>\n<td>4.516,00<\/td>\n<td>4.494,40<\/td>\n<\/tr>\n<tr>\n<td>4<\/td>\n<td>Socijaldemokratska partija Hrvatske &#8211; SDP<\/td>\n<td>4.516,00<\/td>\n<td>4.830,94<\/td>\n<\/tr>\n<tr>\n<td>5<\/td>\n<td>KANDIDACIJSKA LISTA GRUPE BIRA\u010cA &#8211; Darijo Radovi\u0107<\/td>\n<td rowspan=\"2\">9.032,00<\/td>\n<td>4.494,40<\/td>\n<\/tr>\n<tr>\n<td>6<\/td>\n<td>KANDIDACIJSKA LISTA GRUPE BIRA\u010cA &#8211; Marin Bo\u0161njak<\/td>\n<td>4.494,40<\/td>\n<\/tr>\n<tr>\n<td>\u00a0<\/td>\n<td>UKUPNO:<\/td>\n<td>69.998,00<\/td>\n<td>70.000,02<\/td>\n<\/tr>\n<\/tbody>\n<\/table>\n\n\t\t<\/div>\n\t\n\n\t\t<div class=\"pane\">\n\t\t\n<p><strong>Anatolij Lovri\u0107<\/strong><\/p>\n<ul>\n<li><a href=\"\/AL-2012.pdf\" target=\"_blank\" rel=\"noopener\"><strong>Bilanca i izvje\u0161taj o prihodima i rashodima neprofitnih organizacija <img loading=\"lazy\" decoding=\"async\" src=\"\/file_acrobat.gif\" alt=\"pdf\" width=\"16\" height=\"16\" align=\"top\" border=\"0\" \/><\/strong><\/a><\/li>\n<li><strong><a href=\"\/Izvjesce-o-donacijama-2012-Anatolij-Lovric.pdf\" target=\"_blank\" rel=\"noopener\">Izvje\u0161\u0107e o donacijama primljenim tijekom 2012. godine<\/a> <a href=\"\/AL-2012.pdf\" target=\"_blank\" rel=\"noopener\"><strong><img loading=\"lazy\" decoding=\"async\" src=\"\/file_acrobat.gif\" alt=\"pdf\" width=\"16\" height=\"16\" align=\"top\" border=\"0\" \/><\/strong><\/a><\/strong><\/li>\n<li><strong><a href=\"\/Izvjesce-o-donacijama-2013-Anatolij-Lovric.pdf\" target=\"_blank\" rel=\"noopener\">Izvje\u0161\u0107e o donacijama primljenim tijekom 2013. godine<\/a>\u00a0<a href=\"\/AL-2012.pdf\" target=\"_blank\" rel=\"noopener\"><strong><img loading=\"lazy\" decoding=\"async\" src=\"\/file_acrobat.gif\" alt=\"pdf\" width=\"16\" height=\"16\" align=\"top\" border=\"0\" \/><\/strong><\/a><\/strong><\/li>\n<li><strong><a href=\"\/Financijski-izvjestaj-01012013-31032013-Anatolij-Lovric.pdf\" target=\"_blank\" rel=\"noopener\">Skra\u0107eni izvje\u0161taj o prihodima i rashodima neprofitnih organizacija za razdoblje od 01. sije\u010dnja do 31. o\u017eujka 2013. godine<\/a> <strong><a href=\"\/AL-2012.pdf\" target=\"_blank\" rel=\"noopener\"><strong><img loading=\"lazy\" decoding=\"async\" src=\"\/file_acrobat.gif\" alt=\"pdf\" width=\"16\" height=\"16\" align=\"top\" border=\"0\" \/><\/strong><\/a><\/strong><\/strong><\/li>\n<li><strong><a href=\"\/Financijski-izvjestaj-01012013-30062013-Anatolij-Lovric.pdf\" target=\"_blank\" rel=\"noopener\">Skra\u0107eni izvje\u0161taj o prihodima i rashodima neprofitnih organizacija za razdoblje od 01. sije\u010dnja do 30. lipnja 2013. godine<\/a>\u00a0<strong><a href=\"\/AL-2012.pdf\" target=\"_blank\" rel=\"noopener\"><strong><img loading=\"lazy\" decoding=\"async\" src=\"\/file_acrobat.gif\" alt=\"pdf\" width=\"16\" height=\"16\" align=\"top\" border=\"0\" \/><\/strong><\/a><\/strong><\/strong><\/li>\n<\/ul>\n<p><strong>Marin Ka\u0161telan\u010di\u0107<\/strong><\/p>\n<ul>\n<li><a href=\"\/MK-2012.pdf\" target=\"_blank\" rel=\"noopener\"><strong>Bilanca i izvje\u0161taj o prihodima i rashodima neprofitnih organizacija <img loading=\"lazy\" decoding=\"async\" src=\"\/file_acrobat.gif\" alt=\"pdf\" width=\"16\" height=\"16\" align=\"top\" border=\"0\" \/><\/strong><\/a><\/li>\n<li><strong><a href=\"\/Izvjesce-o-donacijama-2012-Marin-Kastelancic.pdf\" target=\"_blank\" rel=\"noopener\">Izvje\u0161\u0107e o donacijama primljenim tijekom 2012. godine<\/a> <a href=\"\/AL-2012.pdf\" target=\"_blank\" rel=\"noopener\"><strong><img loading=\"lazy\" decoding=\"async\" src=\"\/file_acrobat.gif\" alt=\"pdf\" width=\"16\" height=\"16\" align=\"top\" border=\"0\" \/><\/strong><\/a><\/strong><\/li>\n<li><strong><a href=\"\/Izvjesce-o-donacijama-2013-Marin-Kastelancic.pdf\" target=\"_blank\" rel=\"noopener\">Izvje\u0161\u0107e o donacijama primljenim tijekom 2013. godine<\/a>\u00a0<a href=\"\/AL-2012.pdf\" target=\"_blank\" rel=\"noopener\"><strong><img loading=\"lazy\" decoding=\"async\" src=\"\/file_acrobat.gif\" alt=\"pdf\" width=\"16\" height=\"16\" align=\"top\" border=\"0\" \/><\/strong><\/a><\/strong><\/li>\n<li><strong><a href=\"\/Financijski-izvjestaj-01012013-31032013-Marin-Kastelancic.pdf\" target=\"_blank\" rel=\"noopener\">Skra\u0107eni izvje\u0161taj o prihodima i rashodima neprofitnih organizacija za razdoblje od 01. sije\u010dnja do 31. o\u017eujka 2013. godine<\/a> <strong><a href=\"\/AL-2012.pdf\" target=\"_blank\" rel=\"noopener\"><strong><img loading=\"lazy\" decoding=\"async\" src=\"\/file_acrobat.gif\" alt=\"pdf\" width=\"16\" height=\"16\" align=\"top\" border=\"0\" \/><\/strong><\/a><\/strong><\/strong><\/li>\n<li><strong><a href=\"\/Financijski-izvjestaj-01012013-30062013-Marin-Kastelancic.pdf\" target=\"_blank\" rel=\"noopener\">Skra\u0107eni izvje\u0161taj o prihodima i rashodima neprofitnih organizacija za razdoblje od 01. sije\u010dnja do 30. lipnja 2013. godine<\/a>\u00a0<strong><a href=\"\/AL-2012.pdf\" target=\"_blank\" rel=\"noopener\"><strong><img loading=\"lazy\" decoding=\"async\" src=\"\/file_acrobat.gif\" alt=\"pdf\" width=\"16\" height=\"16\" align=\"top\" border=\"0\" \/><\/strong><\/a><\/strong><\/strong><\/li>\n<\/ul>\n\n\t\t<\/div>\n\t\n\n\t\t<\/div>\n\t\n\n\n<p><\/p>\n","protected":false},"excerpt":{"rendered":"","protected":false},"author":1,"featured_media":0,"parent":8718,"menu_order":2,"comment_status":"closed","ping_status":"closed","template":"","meta":{"footnotes":""},"_links":{"self":[{"href":"https:\/\/www.podstrana.hr\/wp\/wp-json\/wp\/v2\/pages\/2012"}],"collection":[{"href":"https:\/\/www.podstrana.hr\/wp\/wp-json\/wp\/v2\/pages"}],"about":[{"href":"https:\/\/www.podstrana.hr\/wp\/wp-json\/wp\/v2\/types\/page"}],"author":[{"embeddable":true,"href":"https:\/\/www.podstrana.hr\/wp\/wp-json\/wp\/v2\/users\/1"}],"replies":[{"embeddable":true,"href":"https:\/\/www.podstrana.hr\/wp\/wp-json\/wp\/v2\/comments?post=2012"}],"version-history":[{"count":1,"href":"https:\/\/www.podstrana.hr\/wp\/wp-json\/wp\/v2\/pages\/2012\/revisions"}],"predecessor-version":[{"id":8326,"href":"https:\/\/www.podstrana.hr\/wp\/wp-json\/wp\/v2\/pages\/2012\/revisions\/8326"}],"up":[{"embeddable":true,"href":"https:\/\/www.podstrana.hr\/wp\/wp-json\/wp\/v2\/pages\/8718"}],"wp:attachment":[{"href":"https:\/\/www.podstrana.hr\/wp\/wp-json\/wp\/v2\/media?parent=2012"}],"curies":[{"name":"wp","href":"https:\/\/api.w.org\/{rel}","templated":true}]}}